{"id":12,"date":"2026-02-19T15:24:38","date_gmt":"2026-02-19T14:24:38","guid":{"rendered":"https:\/\/skupaut-online.pl\/?page_id=12"},"modified":"2026-02-20T11:33:28","modified_gmt":"2026-02-20T10:33:28","slug":"strona-glowna","status":"publish","type":"page","link":"https:\/\/skupaut-online.pl\/","title":{"rendered":"Strona g\u0142\u00f3wna"},"content":{"rendered":"\t\t<div data-elementor-type=\"wp-page\" data-elementor-id=\"12\" class=\"elementor elementor-12\" data-elementor-post-type=\"page\">\n\t\t\t\t<div class=\"elementor-element elementor-element-df1f2a6 e-flex e-con-boxed e-con e-parent\" data-id=\"df1f2a6\" data-element_type=\"container\" data-e-type=\"container\">\n\t\t\t\t\t<div class=\"e-con-inner\">\n\t\t<div class=\"elementor-element elementor-element-d694bac e-con-full e-flex e-con e-child\" data-id=\"d694bac\" data-element_type=\"container\" data-e-type=\"container\">\n\t\t\t\t<div class=\"elementor-element elementor-element-217bf7f elementor-widget elementor-widget-heading\" data-id=\"217bf7f\" data-element_type=\"widget\" data-e-type=\"widget\" data-widget_type=\"heading.default\">\n\t\t\t\t\t<h2 class=\"elementor-heading-title elementor-size-default\">ODKUPIMY KA\u017bDY POJAZD<\/h2>\t\t\t\t<\/div>\n\t\t\t\t<div class=\"elementor-element elementor-element-525ac07 elementor-widget elementor-widget-heading\" data-id=\"525ac07\" data-element_type=\"widget\" data-e-type=\"widget\" data-widget_type=\"heading.default\">\n\t\t\t\t\t<h6 class=\"elementor-heading-title elementor-size-default\">| osobowy | dostawczy | quad | motocykl |<\/h6>\t\t\t\t<\/div>\n\t\t\t\t<\/div>\n\t\t<div class=\"elementor-element elementor-element-411c582 e-flex e-con-boxed e-con e-child\" data-id=\"411c582\" data-element_type=\"container\" data-e-type=\"container\">\n\t\t\t\t\t<div class=\"e-con-inner\">\n\t\t\t\t<div class=\"elementor-element elementor-element-7885a81 elementor-widget elementor-widget-heading\" data-id=\"7885a81\" data-element_type=\"widget\" data-e-type=\"widget\" data-widget_type=\"heading.default\">\n\t\t\t\t\t<h2 class=\"elementor-heading-title elementor-size-default\">ZADZWO\u0143<\/h2>\t\t\t\t<\/div>\n\t\t\t\t\t<\/div>\n\t\t\t\t<\/div>\n\t\t<div class=\"elementor-element elementor-element-ee72396 e-flex e-con-boxed e-con e-child\" data-id=\"ee72396\" data-element_type=\"container\" data-e-type=\"container\">\n\t\t\t\t\t<div class=\"e-con-inner\">\n\t\t\t\t<div class=\"elementor-element elementor-element-1ebf092 elementor-widget elementor-widget-button\" data-id=\"1ebf092\" data-element_type=\"widget\" data-e-type=\"widget\" data-widget_type=\"button.default\">\n\t\t\t\t\t\t\t\t\t\t<a class=\"elementor-button elementor-button-link elementor-size-sm\" href=\"tel:%20512021816\">\n\t\t\t\t\t\t<span class=\"elementor-button-content-wrapper\">\n\t\t\t\t\t\t\t\t\t<span class=\"elementor-button-text\">512-021-816<\/span>\n\t\t\t\t\t<\/span>\n\t\t\t\t\t<\/a>\n\t\t\t\t\t\t\t\t<\/div>\n\t\t\t\t<div class=\"elementor-element elementor-element-b807b61 elementor-widget elementor-widget-button\" data-id=\"b807b61\" data-element_type=\"widget\" data-e-type=\"widget\" data-widget_type=\"button.default\">\n\t\t\t\t\t\t\t\t\t\t<a class=\"elementor-button elementor-button-link elementor-size-sm\" href=\"https:\/\/skupaut-online.pl\/?page_id=84\">\n\t\t\t\t\t\t<span class=\"elementor-button-content-wrapper\">\n\t\t\t\t\t\t\t\t\t<span class=\"elementor-button-text\">Wype\u0142nij formularz<\/span>\n\t\t\t\t\t<\/span>\n\t\t\t\t\t<\/a>\n\t\t\t\t\t\t\t\t<\/div>\n\t\t\t\t\t<\/div>\n\t\t\t\t<\/div>\n\t\t\t\t<div class=\"elementor-element elementor-element-a3f002a elementor-widget elementor-widget-heading\" data-id=\"a3f002a\" data-element_type=\"widget\" data-e-type=\"widget\" data-widget_type=\"heading.default\">\n\t\t\t\t\t<h6 class=\"elementor-heading-title elementor-size-default\">Interesuj\u0105 nas zar\u00f3wno m\u0142odsze, jak i starsze egzemplarze pojazd\u00f3w wymagaj\u0105ce napraw czy inwestycji. Oferujemy szybk\u0105 wycen\u0119, konkretn\u0105 propozycj\u0119 zakupu oraz p\u0142atno\u015b\u0107 bez zb\u0119dnego oczekiwania.\nSkupujemy r\u00f3wnie\u017c samochody b\u0119d\u0105ce w leasingu, czy kredycie.\nKa\u017cda marka od 2-3 letnich do klasyk\u00f3w, czy youngtimer\u00f3w.<\/h6>\t\t\t\t<\/div>\n\t\t<div class=\"elementor-element elementor-element-b6bb40c e-con-full e-flex e-con e-child\" data-id=\"b6bb40c\" data-element_type=\"container\" data-e-type=\"container\">\n\t\t<div class=\"elementor-element elementor-element-1c4afc7 e-con-full e-flex e-con e-child\" data-id=\"1c4afc7\" data-element_type=\"container\" data-e-type=\"container\">\n\t\t<div class=\"elementor-element elementor-element-eda49ac e-con-full e-flex e-con e-child\" data-id=\"eda49ac\" data-element_type=\"container\" data-e-type=\"container\">\n\t\t\t\t<div class=\"elementor-element elementor-element-0ae7fc4 elementor-widget elementor-widget-heading\" data-id=\"0ae7fc4\" data-element_type=\"widget\" data-e-type=\"widget\" data-widget_type=\"heading.default\">\n\t\t\t\t\t<h2 class=\"elementor-heading-title elementor-size-default\">Formularz sprzeda\u017cy pojazdu.<\/h2>\t\t\t\t<\/div>\n\t\t\t\t<div class=\"elementor-element elementor-element-5fe81be elementor-widget elementor-widget-text-editor\" data-id=\"5fe81be\" data-element_type=\"widget\" data-e-type=\"widget\" data-widget_type=\"text-editor.default\">\n\t\t\t\t\t\t\t\t\t<p><span style=\"color: #000000;\">Uzupe\u0142nij formularz poni\u017cej, a nasz zesp\u00f3\u0142 przygotuje indywidualn\u0105 wycen\u0119 i skontaktuje si\u0119 z Tob\u0105 maksymalnie w ci\u0105gu 24 godzin.<\/span><\/p>\t\t\t\t\t\t\t\t<\/div>\n\t\t\t\t<div class=\"elementor-element elementor-element-fd5e635 elementor-grid-1 elementor-grid-tablet-2 elementor-grid-mobile-1 elementor-widget elementor-widget-loop-grid\" data-id=\"fd5e635\" data-element_type=\"widget\" data-e-type=\"widget\" data-settings=\"{&quot;template_id&quot;:&quot;93&quot;,&quot;columns&quot;:1,&quot;_skin&quot;:&quot;post&quot;,&quot;columns_tablet&quot;:&quot;2&quot;,&quot;columns_mobile&quot;:&quot;1&quot;,&quot;edit_handle_selector&quot;:&quot;[data-elementor-type=\\&quot;loop-item\\&quot;]&quot;,&quot;row_gap&quot;:{&quot;unit&quot;:&quot;px&quot;,&quot;size&quot;:&quot;&quot;,&quot;sizes&quot;:[]},&quot;row_gap_tablet&quot;:{&quot;unit&quot;:&quot;px&quot;,&quot;size&quot;:&quot;&quot;,&quot;sizes&quot;:[]},&quot;row_gap_mobile&quot;:{&quot;unit&quot;:&quot;px&quot;,&quot;size&quot;:&quot;&quot;,&quot;sizes&quot;:[]}}\" data-widget_type=\"loop-grid.post\">\n\t\t\t\t<div class=\"elementor-widget-container\">\n\t\t\t\t\t\t\t<div class=\"elementor-loop-container elementor-grid\" role=\"list\">\n\t\t<style id=\"loop-93\">.elementor-93 .elementor-element.elementor-element-ba8dbbf{--display:flex;--flex-direction:column;--container-widget-width:100%;--container-widget-height:initial;--container-widget-flex-grow:0;--container-widget-align-self:initial;--flex-wrap-mobile:wrap;}.elementor-93 .elementor-element.elementor-element-4bc082d{width:auto;max-width:auto;}<\/style>\t\t<div data-elementor-type=\"loop-item\" data-elementor-id=\"93\" class=\"elementor elementor-93 e-loop-item e-loop-item-1 post-1 post type-post status-publish format-standard hentry category-bez-kategorii\" data-elementor-post-type=\"elementor_library\" data-custom-edit-handle=\"1\">\n\t\t\t<div class=\"elementor-element elementor-element-ba8dbbf e-flex e-con-boxed e-con e-parent\" data-id=\"ba8dbbf\" data-element_type=\"container\" data-e-type=\"container\">\n\t\t\t\t\t<div class=\"e-con-inner\">\n\t\t\t\t<div class=\"elementor-element elementor-element-4bc082d elementor-widget__width-auto elementor-widget elementor-widget-wpforms\" data-id=\"4bc082d\" data-element_type=\"widget\" data-e-type=\"widget\" data-widget_type=\"wpforms.default\">\n\t\t\t\t<div class=\"elementor-widget-container\">\n\t\t\t\t\t<div class=\"wpforms-container wpforms-container-full wpforms-render-modern\" id=\"wpforms-6\"><form id=\"wpforms-form-6\" class=\"wpforms-validate wpforms-form wpforms-ajax-form\" data-formid=\"6\" method=\"post\" enctype=\"multipart\/form-data\" action=\"\/index.php?rest_route=%2Fwp%2Fv2%2Fpages%2F12\" data-token=\"27656e5f0f8f75fa31b967540a4661d0\" data-token-time=\"1776420817\"><noscript class=\"wpforms-error-noscript\">Aby wype\u0142ni\u0107 ten formularz, w\u0142\u0105cz obs\u0142ug\u0119 JavaScript w przegl\u0105darce.<\/noscript><div id=\"wpforms-error-noscript\" style=\"display: none;\">Aby wype\u0142ni\u0107 ten formularz, w\u0142\u0105cz obs\u0142ug\u0119 JavaScript w przegl\u0105darce.<\/div><div class=\"wpforms-field-container\">\t\t<div id=\"wpforms-6-field_1-container\"\n\t\t\tclass=\"wpforms-field wpforms-field-text\"\n\t\t\tdata-field-type=\"text\"\n\t\t\tdata-field-id=\"1\"\n\t\t\t>\n\t\t\t<label class=\"wpforms-field-label\" for=\"wpforms-6-field_1\" >Pojemno\u015b\u0107 Rok paliwa<\/label>\n\t\t\t<input type=\"text\" id=\"wpforms-6-field_1\" class=\"wpforms-field-medium\" name=\"wpforms[fields][1]\" >\n\t\t<\/div>\n\t\t<div id=\"wpforms-6-field_10-container\" class=\"wpforms-field wpforms-field-text\" data-field-id=\"10\"><label class=\"wpforms-field-label\" for=\"wpforms-6-field_10\">Marka Pojazdu <span class=\"wpforms-required-label\" aria-hidden=\"true\">*<\/span><\/label><input type=\"text\" id=\"wpforms-6-field_10\" class=\"wpforms-field-large wpforms-field-required\" name=\"wpforms[fields][10]\" aria-errormessage=\"wpforms-6-field_10-error\" required><\/div><div id=\"wpforms-6-field_14-container\" class=\"wpforms-field wpforms-field-text\" data-field-id=\"14\"><label class=\"wpforms-field-label\" for=\"wpforms-6-field_14\">Model Pojazdu <span class=\"wpforms-required-label\" aria-hidden=\"true\">*<\/span><\/label><input type=\"text\" id=\"wpforms-6-field_14\" class=\"wpforms-field-large wpforms-field-required\" name=\"wpforms[fields][14]\" aria-errormessage=\"wpforms-6-field_14-error\" required><\/div><div id=\"wpforms-6-field_27-container\" class=\"wpforms-field wpforms-field-checkbox\" data-field-id=\"27\"><fieldset><legend class=\"wpforms-field-label\">Uszkodzony ? <span class=\"wpforms-required-label\" aria-hidden=\"true\">*<\/span><\/legend><ul id=\"wpforms-6-field_27\" class=\"wpforms-field-required\"><li class=\"choice-2 depth-1\"><input type=\"checkbox\" id=\"wpforms-6-field_27_2\" name=\"wpforms[fields][27][]\" value=\"Tak\" aria-errormessage=\"wpforms-6-field_27_2-error\" required ><label class=\"wpforms-field-label-inline\" for=\"wpforms-6-field_27_2\">Tak<\/label><\/li><li class=\"choice-3 depth-1\"><input type=\"checkbox\" id=\"wpforms-6-field_27_3\" name=\"wpforms[fields][27][]\" value=\"Nie\" aria-errormessage=\"wpforms-6-field_27_3-error\" required ><label class=\"wpforms-field-label-inline\" for=\"wpforms-6-field_27_3\">Nie<\/label><\/li><\/ul><\/fieldset><\/div><div id=\"wpforms-6-field_16-container\" class=\"wpforms-field wpforms-field-text\" data-field-id=\"16\"><label class=\"wpforms-field-label\" for=\"wpforms-6-field_16\">Rok produkcji <span class=\"wpforms-required-label\" aria-hidden=\"true\">*<\/span><\/label><input type=\"text\" id=\"wpforms-6-field_16\" class=\"wpforms-field-large wpforms-field-required\" name=\"wpforms[fields][16]\" aria-errormessage=\"wpforms-6-field_16-error\" required><\/div><div id=\"wpforms-6-field_22-container\" class=\"wpforms-field wpforms-field-text\" data-field-id=\"22\"><label class=\"wpforms-field-label\" for=\"wpforms-6-field_22\">Przebieg <span class=\"wpforms-required-label\" aria-hidden=\"true\">*<\/span><\/label><input type=\"text\" id=\"wpforms-6-field_22\" class=\"wpforms-field-large wpforms-field-required\" name=\"wpforms[fields][22]\" aria-errormessage=\"wpforms-6-field_22-error\" required><\/div><div id=\"wpforms-6-field_18-container\" class=\"wpforms-field wpforms-field-text\" data-field-id=\"18\"><label class=\"wpforms-field-label\" for=\"wpforms-6-field_18\">Cena <span class=\"wpforms-required-label\" aria-hidden=\"true\">*<\/span><\/label><input type=\"text\" id=\"wpforms-6-field_18\" class=\"wpforms-field-large wpforms-field-required\" name=\"wpforms[fields][18]\" aria-errormessage=\"wpforms-6-field_18-error\" required><\/div><div id=\"wpforms-6-field_20-container\" class=\"wpforms-field wpforms-field-text\" data-field-id=\"20\"><label class=\"wpforms-field-label\" for=\"wpforms-6-field_20\">Rodzaj paliwa <span class=\"wpforms-required-label\" aria-hidden=\"true\">*<\/span><\/label><input type=\"text\" id=\"wpforms-6-field_20\" class=\"wpforms-field-large wpforms-field-required\" name=\"wpforms[fields][20]\" aria-errormessage=\"wpforms-6-field_20-error\" required><\/div><div id=\"wpforms-6-field_24-container\" class=\"wpforms-field wpforms-field-text\" data-field-id=\"24\"><label class=\"wpforms-field-label\" for=\"wpforms-6-field_24\">Pojemno\u015b\u0107<\/label><input type=\"text\" id=\"wpforms-6-field_24\" class=\"wpforms-field-large\" name=\"wpforms[fields][24]\" aria-errormessage=\"wpforms-6-field_24-error\" ><\/div><div id=\"wpforms-6-field_28-container\" class=\"wpforms-field wpforms-field-text\" data-field-id=\"28\"><label class=\"wpforms-field-label\" for=\"wpforms-6-field_28\">Miejscowo\u015b\u0107 <span class=\"wpforms-required-label\" aria-hidden=\"true\">*<\/span><\/label><input type=\"text\" id=\"wpforms-6-field_28\" class=\"wpforms-field-large wpforms-field-required\" name=\"wpforms[fields][28]\" aria-errormessage=\"wpforms-6-field_28-error\" required><\/div><div id=\"wpforms-6-field_26-container\" class=\"wpforms-field wpforms-field-text\" data-field-id=\"26\"><label class=\"wpforms-field-label\" for=\"wpforms-6-field_26\">Numer telefonu <span class=\"wpforms-required-label\" aria-hidden=\"true\">*<\/span><\/label><input type=\"text\" id=\"wpforms-6-field_26\" class=\"wpforms-field-large wpforms-field-required\" name=\"wpforms[fields][26]\" aria-errormessage=\"wpforms-6-field_26-error\" required><\/div><div id=\"wpforms-6-field_2-container\" class=\"wpforms-field wpforms-field-email\" data-field-id=\"2\"><label class=\"wpforms-field-label\" for=\"wpforms-6-field_2\">Adres e-mail <span class=\"wpforms-required-label\" aria-hidden=\"true\">*<\/span><\/label><input type=\"email\" id=\"wpforms-6-field_2\" class=\"wpforms-field-large wpforms-field-required\" name=\"wpforms[fields][2]\" spellcheck=\"false\" aria-errormessage=\"wpforms-6-field_2-error\" required><\/div><div id=\"wpforms-6-field_3-container\" class=\"wpforms-field wpforms-field-textarea\" data-field-id=\"3\"><label class=\"wpforms-field-label\" for=\"wpforms-6-field_3\">Komentarz lub wiadomo\u015b\u0107<\/label><textarea id=\"wpforms-6-field_3\" class=\"wpforms-field-medium\" name=\"wpforms[fields][3]\" aria-errormessage=\"wpforms-6-field_3-error\" ><\/textarea><\/div><script>\n\t\t\t\t( function() {\n\t\t\t\t\tconst style = document.createElement( 'style' );\n\t\t\t\t\tstyle.appendChild( document.createTextNode( '#wpforms-6-field_1-container { position: absolute !important; overflow: hidden !important; display: inline !important; height: 1px !important; width: 1px !important; z-index: -1000 !important; padding: 0 !important; } #wpforms-6-field_1-container input { visibility: hidden; } #wpforms-conversational-form-page #wpforms-6-field_1-container label { counter-increment: none; }' ) );\n\t\t\t\t\tdocument.head.appendChild( style );\n\t\t\t\t\tdocument.currentScript?.remove();\n\t\t\t\t} )();\n\t\t\t<\/script><\/div><!-- .wpforms-field-container --><div class=\"wpforms-submit-container\" ><input type=\"hidden\" name=\"wpforms[id]\" value=\"6\"><input type=\"hidden\" name=\"page_title\" value=\"\"><input type=\"hidden\" name=\"page_url\" value=\"https:\/\/skupaut-online.pl\/index.php?rest_route=\/wp\/v2\/pages\/12\"><input type=\"hidden\" name=\"url_referer\" value=\"\"><button type=\"submit\" name=\"wpforms[submit]\" id=\"wpforms-submit-6\" class=\"wpforms-submit\" data-alt-text=\"Wysy\u0142anie...\" data-submit-text=\"Prze\u015blij\" aria-live=\"assertive\" value=\"wpforms-submit\">Prze\u015blij<\/button><img decoding=\"async\" src=\"https:\/\/skupaut-online.pl\/wp-content\/plugins\/wpforms-lite\/assets\/images\/submit-spin.svg\" class=\"wpforms-submit-spinner\" style=\"display: none;\" width=\"26\" height=\"26\" alt=\"Wczytywanie\"><\/div><\/form><\/div>  <!-- .wpforms-container -->\t\t\t\t<\/div>\n\t\t\t\t<\/div>\n\t\t\t\t\t<\/div>\n\t\t\t\t<\/div>\n\t\t\t\t<\/div>\n\t\t\t\t<\/div>\n\t\t\n\t\t\t\t\t\t<\/div>\n\t\t\t\t<\/div>\n\t\t<div class=\"elementor-element elementor-element-6f3e557 e-con-full e-flex e-con e-child\" data-id=\"6f3e557\" data-element_type=\"container\" data-e-type=\"container\">\n\t\t\t\t<\/div>\n\t\t\t\t<div class=\"elementor-element elementor-element-256ba7d elementor-widget elementor-widget-heading\" data-id=\"256ba7d\" data-element_type=\"widget\" data-e-type=\"widget\" data-widget_type=\"heading.default\">\n\t\t\t\t\t<h2 class=\"elementor-heading-title elementor-size-default\">Miejscowo\u015bci w kt\u00f3rych dzia\u0142amy. <\/h2>\t\t\t\t<\/div>\n\t\t\t\t<div class=\"elementor-element elementor-element-9cc2b8d elementor-widget elementor-widget-text-editor\" data-id=\"9cc2b8d\" data-element_type=\"widget\" data-e-type=\"widget\" data-widget_type=\"text-editor.default\">\n\t\t\t\t\t\t\t\t\t<p><span style=\"color: #000000;\">Gda\u0144sk, Gdynia, Sopot, S\u0142upsk, Tczew, Wejherowo, Rumia, Reda, Pruszcz Gda\u0144ski, \u017bukowo, Kartuzy, Ko\u015bcierzyna, L\u0119bork, Puck, W\u0142adys\u0142awowo, Starogard Gda\u0144ski, Malbork, Kwidzyn, Byt\u00f3w, Cz\u0142uch\u00f3w, Chojnice, Czersk, \u0141eba, Hel, Jastarnia, Krynica Morska, Ustka, Sierakowice, St\u0119\u017cyca, Brusy, Miastko.<\/span><\/p>\t\t\t\t\t\t\t\t<\/div>\n\t\t\t\t<\/div>\n\t\t\t\t<\/div>\n\t\t\t\t<div class=\"elementor-element elementor-element-f41cdb1 elementor-skin-carousel elementor-arrows-yes elementor-pagination-type-bullets elementor-pagination-position-outside elementor-widget elementor-widget-media-carousel\" data-id=\"f41cdb1\" data-element_type=\"widget\" data-e-type=\"widget\" data-settings=\"{&quot;slides_per_view_mobile&quot;:&quot;1&quot;,&quot;slides_to_scroll_mobile&quot;:&quot;1&quot;,&quot;skin&quot;:&quot;carousel&quot;,&quot;effect&quot;:&quot;slide&quot;,&quot;show_arrows&quot;:&quot;yes&quot;,&quot;pagination&quot;:&quot;bullets&quot;,&quot;speed&quot;:500,&quot;autoplay&quot;:&quot;yes&quot;,&quot;autoplay_speed&quot;:5000,&quot;loop&quot;:&quot;yes&quot;,&quot;pause_on_hover&quot;:&quot;yes&quot;,&quot;pause_on_interaction&quot;:&quot;yes&quot;,&quot;space_between&quot;:{&quot;unit&quot;:&quot;px&quot;,&quot;size&quot;:10,&quot;sizes&quot;:[]},&quot;space_between_tablet&quot;:{&quot;unit&quot;:&quot;px&quot;,&quot;size&quot;:10,&quot;sizes&quot;:[]},&quot;space_between_mobile&quot;:{&quot;unit&quot;:&quot;px&quot;,&quot;size&quot;:10,&quot;sizes&quot;:[]}}\" data-widget_type=\"media-carousel.default\">\n\t\t\t\t\t\t\t\t\t\t<div class=\"elementor-main-swiper swiper\" role=\"region\" aria-roledescription=\"carousel\" aria-label=\"Slides\">\n\t\t\t\t<div class=\"swiper-wrapper\">\n\t\t\t\t\t\t\t\t\t\t\t<div class=\"swiper-slide\" role=\"group\" aria-roledescription=\"slide\">\n\t\t\t\t\t\t\t\t\t<div class=\"elementor-carousel-image\" role=\"img\" aria-label=\"IMG_7471\" style=\"background-image: url(&#039;https:\/\/skupaut-online.pl\/wp-content\/uploads\/2026\/02\/IMG_7471-scaled.jpg&#039;)\">\n\n\t\t\t\n\t\t\t\t\t<\/div>\n\t\t\t\t\t\t\t\t<\/div>\n\t\t\t\t\t\t\t\t\t\t\t<div class=\"swiper-slide\" role=\"group\" aria-roledescription=\"slide\">\n\t\t\t\t\t\t\t\t\t<div class=\"elementor-carousel-image\" role=\"img\" aria-label=\"Zdje\u0328cie WhatsApp 2025-06-04 o 10.36.06_b6c9455f\" style=\"background-image: url(&#039;https:\/\/skupaut-online.pl\/wp-content\/uploads\/2026\/02\/Zdjecie-WhatsApp-2025-06-04-o-10.36.06_b6c9455f.jpg&#039;)\">\n\n\t\t\t\n\t\t\t\t\t<\/div>\n\t\t\t\t\t\t\t\t<\/div>\n\t\t\t\t\t\t\t\t\t\t\t<div class=\"swiper-slide\" role=\"group\" aria-roledescription=\"slide\">\n\t\t\t\t\t\t\t\t\t<div class=\"elementor-carousel-image\" role=\"img\" aria-label=\"2\" style=\"background-image: url(&#039;https:\/\/skupaut-online.pl\/wp-content\/uploads\/2026\/02\/2.jpeg&#039;)\">\n\n\t\t\t\n\t\t\t\t\t<\/div>\n\t\t\t\t\t\t\t\t<\/div>\n\t\t\t\t\t\t\t\t\t\t\t<div class=\"swiper-slide\" role=\"group\" aria-roledescription=\"slide\">\n\t\t\t\t\t\t\t\t\t<div class=\"elementor-carousel-image\" role=\"img\" aria-label=\"36\" style=\"background-image: url(&#039;https:\/\/skupaut-online.pl\/wp-content\/uploads\/2026\/02\/36.jpeg&#039;)\">\n\n\t\t\t\n\t\t\t\t\t<\/div>\n\t\t\t\t\t\t\t\t<\/div>\n\t\t\t\t\t\t\t\t\t\t\t<div class=\"swiper-slide\" role=\"group\" aria-roledescription=\"slide\">\n\t\t\t\t\t\t\t\t\t<div class=\"elementor-carousel-image\" role=\"img\" aria-label=\"boxer-L4H2\" style=\"background-image: url(&#039;https:\/\/skupaut-online.pl\/wp-content\/uploads\/2026\/02\/boxer-L4H2.jpg&#039;)\">\n\n\t\t\t\n\t\t\t\t\t<\/div>\n\t\t\t\t\t\t\t\t<\/div>\n\t\t\t\t\t\t\t\t\t<\/div>\n\t\t\t\t\t\t\t\t\t\t\t\t\t\t\t<div class=\"elementor-swiper-button elementor-swiper-button-prev\" role=\"button\" tabindex=\"0\" aria-label=\"Poprzedni\">\n\t\t\t\t\t\t\t<svg aria-hidden=\"true\" class=\"e-font-icon-svg e-eicon-chevron-left\" viewBox=\"0 0 1000 1000\" xmlns=\"http:\/\/www.w3.org\/2000\/svg\"><path d=\"M646 125C629 125 613 133 604 142L308 442C296 454 292 471 292 487 292 504 296 521 308 533L604 854C617 867 629 875 646 875 663 875 679 871 692 858 704 846 713 829 713 812 713 796 708 779 692 767L438 487 692 225C700 217 708 204 708 187 708 171 704 154 692 142 675 129 663 125 646 125Z\"><\/path><\/svg>\t\t\t\t\t\t<\/div>\n\t\t\t\t\t\t<div class=\"elementor-swiper-button elementor-swiper-button-next\" role=\"button\" tabindex=\"0\" aria-label=\"Nast\u0119pny\">\n\t\t\t\t\t\t\t<svg aria-hidden=\"true\" class=\"e-font-icon-svg e-eicon-chevron-right\" viewBox=\"0 0 1000 1000\" xmlns=\"http:\/\/www.w3.org\/2000\/svg\"><path d=\"M696 533C708 521 713 504 713 487 713 471 708 454 696 446L400 146C388 133 375 125 354 125 338 125 325 129 313 142 300 154 292 171 292 187 292 204 296 221 308 233L563 492 304 771C292 783 288 800 288 817 288 833 296 850 308 863 321 871 338 875 354 875 371 875 388 867 400 854L696 533Z\"><\/path><\/svg>\t\t\t\t\t\t<\/div>\n\t\t\t\t\t\t\t\t\t\t\t\t\t\t\t\t<div class=\"swiper-pagination\"><\/div>\n\t\t\t\t\t\t\t\t\t\t\t\t<\/div>\n\t\t\t\t\t\t\t\t<\/div>\n\t\t\t\t<\/div>\n\t\t\t\t\t<\/div>\n\t\t\t\t<\/div>\n\t\t<div class=\"elementor-element elementor-element-9c6cca0 e-flex e-con-boxed e-con e-parent\" data-id=\"9c6cca0\" data-element_type=\"container\" data-e-type=\"container\">\n\t\t\t\t\t<div class=\"e-con-inner\">\n\t\t\t\t\t<\/div>\n\t\t\t\t<\/div>\n\t\t<div class=\"elementor-element elementor-element-576d3bf e-flex e-con-boxed e-con e-parent\" data-id=\"576d3bf\" data-element_type=\"container\" data-e-type=\"container\">\n\t\t\t\t\t<div class=\"e-con-inner\">\n\t\t\t\t\t<\/div>\n\t\t\t\t<\/div>\n\t\t<div class=\"elementor-element elementor-element-0f23ccf e-flex e-con-boxed e-con e-parent\" data-id=\"0f23ccf\" data-element_type=\"container\" data-e-type=\"container\">\n\t\t\t\t\t<div class=\"e-con-inner\">\n\t\t\t\t\t<\/div>\n\t\t\t\t<\/div>\n\t\t\t\t<\/div>\n\t\t","protected":false},"excerpt":{"rendered":"<p>ODKUPIMY KA\u017bDY POJAZD | osobowy | dostawczy | quad | motocykl | ZADZWO\u0143 512-021-816 Wype\u0142nij formularz Interesuj\u0105 nas zar\u00f3wno m\u0142odsze, jak i starsze egzemplarze pojazd\u00f3w wymagaj\u0105ce napraw czy inwestycji. Oferujemy szybk\u0105 wycen\u0119, konkretn\u0105 propozycj\u0119 zakupu oraz p\u0142atno\u015b\u0107 bez zb\u0119dnego oczekiwania. Skupujemy r\u00f3wnie\u017c samochody b\u0119d\u0105ce w leasingu, czy kredycie. Ka\u017cda marka od 2-3 letnich do klasyk\u00f3w, [&hellip;]<\/p>\n","protected":false},"author":1,"featured_media":49,"parent":0,"menu_order":0,"comment_status":"closed","ping_status":"closed","template":"elementor_header_footer","meta":{"footnotes":""},"class_list":["post-12","page","type-page","status-publish","has-post-thumbnail","hentry"],"_links":{"self":[{"href":"https:\/\/skupaut-online.pl\/index.php?rest_route=\/wp\/v2\/pages\/12","targetHints":{"allow":["GET"]}}],"collection":[{"href":"https:\/\/skupaut-online.pl\/index.php?rest_route=\/wp\/v2\/pages"}],"about":[{"href":"https:\/\/skupaut-online.pl\/index.php?rest_route=\/wp\/v2\/types\/page"}],"author":[{"embeddable":true,"href":"https:\/\/skupaut-online.pl\/index.php?rest_route=\/wp\/v2\/users\/1"}],"replies":[{"embeddable":true,"href":"https:\/\/skupaut-online.pl\/index.php?rest_route=%2Fwp%2Fv2%2Fcomments&post=12"}],"version-history":[{"count":325,"href":"https:\/\/skupaut-online.pl\/index.php?rest_route=\/wp\/v2\/pages\/12\/revisions"}],"predecessor-version":[{"id":451,"href":"https:\/\/skupaut-online.pl\/index.php?rest_route=\/wp\/v2\/pages\/12\/revisions\/451"}],"wp:featuredmedia":[{"embeddable":true,"href":"https:\/\/skupaut-online.pl\/index.php?rest_route=\/wp\/v2\/media\/49"}],"wp:attachment":[{"href":"https:\/\/skupaut-online.pl\/index.php?rest_route=%2Fwp%2Fv2%2Fmedia&parent=12"}],"curies":[{"name":"wp","href":"https:\/\/api.w.org\/{rel}","templated":true}]}}